{"id":1057,"date":"2022-09-27T21:44:38","date_gmt":"2022-09-27T21:44:38","guid":{"rendered":"http:\/\/casasiqui.com\/?page_id=1057"},"modified":"2026-03-21T01:53:18","modified_gmt":"2026-03-21T01:53:18","slug":"siqui-terapias","status":"publish","type":"page","link":"https:\/\/www.casasiqui.com\/en\/siqui-terapias\/","title":{"rendered":"Productividad Consciente"},"content":{"rendered":"<div data-elementor-type=\"wp-post\" data-elementor-id=\"1057\" class=\"elementor elementor-1057\">\n\t\t\t\t\t\t<section class=\"elementor-section elementor-top-section elementor-element elementor-element-45d7586 elementor-section-boxed elementor-section-height-default elementor-section-height-default\" data-id=\"45d7586\" data-element_type=\"section\" data-e-type=\"section\" data-settings=\"{&quot;background_background&quot;:&quot;classic&quot;}\">\n\t\t\t\t\t\t<div class=\"elementor-container elementor-column-gap-default\">\n\t\t\t\t\t<div class=\"elementor-column elementor-col-100 elementor-top-column elementor-element elementor-element-3b82015\" data-id=\"3b82015\" data-element_type=\"column\" data-e-type=\"column\">\n\t\t\t<div class=\"elementor-widget-wrap elementor-element-populated\">\n\t\t\t\t\t\t<div class=\"elementor-element elementor-element-0bdc852 elementor-widget elementor-widget-heading\" data-id=\"0bdc852\" data-element_type=\"widget\" data-e-type=\"widget\" data-widget_type=\"heading.default\">\n\t\t\t\t<div class=\"elementor-widget-container\">\n\t\t\t\t\t<h2 class=\"elementor-heading-title elementor-size-default\">PRODUCTIVIDAD CONSCIENTE <\/h2>\t\t\t\t<\/div>\n\t\t\t\t<\/div>\n\t\t\t\t\t<\/div>\n\t\t<\/div>\n\t\t\t\t\t<\/div>\n\t\t<\/section>\n\t\t\t\t<section class=\"elementor-section elementor-top-section elementor-element elementor-element-a1fce07 elementor-section-boxed elementor-section-height-default elementor-section-height-default\" data-id=\"a1fce07\" data-element_type=\"section\" data-e-type=\"section\">\n\t\t\t\t\t\t<div class=\"elementor-container elementor-column-gap-default\">\n\t\t\t\t\t<div class=\"elementor-column elementor-col-100 elementor-top-column elementor-element elementor-element-189c017\" data-id=\"189c017\" data-element_type=\"column\" data-e-type=\"column\">\n\t\t\t<div class=\"elementor-widget-wrap elementor-element-populated\">\n\t\t\t\t\t\t<div class=\"elementor-element elementor-element-f5416de elementor-widget elementor-widget-image\" data-id=\"f5416de\" data-element_type=\"widget\" data-e-type=\"widget\" data-widget_type=\"image.default\">\n\t\t\t\t<div class=\"elementor-widget-container\">\n\t\t\t\t\t\t\t\t\t\t\t\t\t\t\t<img fetchpriority=\"high\" decoding=\"async\" width=\"768\" height=\"1152\" src=\"https:\/\/www.casasiqui.com\/wp-content\/uploads\/2026\/03\/ChatGPT-Image-19-mar-2026-08_33_40-p.m-768x1152.png\" class=\"attachment-medium_large size-medium_large wp-image-3907\" alt=\"\" srcset=\"https:\/\/www.casasiqui.com\/wp-content\/uploads\/2026\/03\/ChatGPT-Image-19-mar-2026-08_33_40-p.m-768x1152.png 768w, https:\/\/www.casasiqui.com\/wp-content\/uploads\/2026\/03\/ChatGPT-Image-19-mar-2026-08_33_40-p.m-200x300.png 200w, https:\/\/www.casasiqui.com\/wp-content\/uploads\/2026\/03\/ChatGPT-Image-19-mar-2026-08_33_40-p.m-683x1024.png 683w, https:\/\/www.casasiqui.com\/wp-content\/uploads\/2026\/03\/ChatGPT-Image-19-mar-2026-08_33_40-p.m-8x12.png 8w, https:\/\/www.casasiqui.com\/wp-content\/uploads\/2026\/03\/ChatGPT-Image-19-mar-2026-08_33_40-p.m.png 1024w\" sizes=\"(max-width: 768px) 100vw, 768px\" \/>\t\t\t\t\t\t\t\t\t\t\t\t\t\t\t<\/div>\n\t\t\t\t<\/div>\n\t\t\t\t\t<\/div>\n\t\t<\/div>\n\t\t\t\t\t<\/div>\n\t\t<\/section>\n\t\t\t\t<section class=\"elementor-section elementor-top-section elementor-element elementor-element-5b2f50c elementor-section-boxed elementor-section-height-default elementor-section-height-default\" data-id=\"5b2f50c\" data-element_type=\"section\" data-e-type=\"section\" data-settings=\"{&quot;background_background&quot;:&quot;classic&quot;}\">\n\t\t\t\t\t\t<div class=\"elementor-container elementor-column-gap-default\">\n\t\t\t\t\t<div class=\"elementor-column elementor-col-100 elementor-top-column elementor-element elementor-element-10c7035\" data-id=\"10c7035\" data-element_type=\"column\" data-e-type=\"column\">\n\t\t\t<div class=\"elementor-widget-wrap elementor-element-populated\">\n\t\t\t\t\t\t<div class=\"elementor-element elementor-element-f84262b elementor-widget elementor-widget-heading\" data-id=\"f84262b\" data-element_type=\"widget\" data-e-type=\"widget\" data-widget_type=\"heading.default\">\n\t\t\t\t<div class=\"elementor-widget-container\">\n\t\t\t\t\t<h2 class=\"elementor-heading-title elementor-size-default\"><br><br>La productividad de un equipo no falla por falta de capacidad,\nfalla por desorden emocional.\n<br><br>\n\u201cMi rol dentro del framework es reducir la incertidumbre humana del proceso.\nA trav\u00e9s de la psicolog\u00eda cl\u00ednica, puedo anticipar comportamientos, intervenir de forma precisa y acelerar la adopci\u00f3n del cambio.\u201d\n\n<br><br>Soy Laura Patricia Par\u00eds Mej\u00eda, psic\u00f3loga y escritora, trabajo con organizaciones que entienden que el bienestar no es un beneficio\u2026 es una estrategia.<br><br>En mis publicaciones estar donde estoy y productividad consciente explico c\u00f3mo lograr equilibrio emocional interior y en las organizaciones. \n\n\n<br><br>A trav\u00e9s de conferencias de inteligencia emocional y conferencias de productividad consciente, transformo la forma en que las personas piensan, sienten y act\u00faan dentro de su entorno laboral.\n\n<br><br>Porque no se trata de motivar,\nse trata de reordenar la mente.\n\n<br><br>Equipos m\u00e1s conscientes.\nDecisiones m\u00e1s claras.\nResultados sostenibles.\n\n<br><\/h2>\t\t\t\t<\/div>\n\t\t\t\t<\/div>\n\t\t\t\t<div class=\"elementor-element elementor-element-a795a2b elementor-widget elementor-widget-text-editor\" data-id=\"a795a2b\" data-element_type=\"widget\" data-e-type=\"widget\" data-widget_type=\"text-editor.default\">\n\t\t\t\t<div class=\"elementor-widget-container\">\n\t\t\t\t\t\t\t\t\t<p><strong>\u00a1\u00a1S\u00edguenos en Instagram!!<\/strong><\/p>\t\t\t\t\t\t\t\t<\/div>\n\t\t\t\t<\/div>\n\t\t\t\t<div class=\"elementor-element elementor-element-b9d8c11 elementor-widget elementor-widget-image\" data-id=\"b9d8c11\" data-element_type=\"widget\" data-e-type=\"widget\" data-widget_type=\"image.default\">\n\t\t\t\t<div class=\"elementor-widget-container\">\n\t\t\t\t\t\t\t\t\t\t\t\t\t\t\t\t<a href=\"https:\/\/www.instagram.com\/siqui_terapias\/\">\n\t\t\t\t\t\t\t<img decoding=\"async\" width=\"260\" height=\"300\" src=\"https:\/\/www.casasiqui.com\/wp-content\/uploads\/2025\/07\/qr-1-260x300.jpg\" class=\"attachment-medium size-medium wp-image-3447\" alt=\"\" srcset=\"https:\/\/www.casasiqui.com\/wp-content\/uploads\/2025\/07\/qr-1-260x300.jpg 260w, https:\/\/www.casasiqui.com\/wp-content\/uploads\/2025\/07\/qr-1-10x12.jpg 10w, https:\/\/www.casasiqui.com\/wp-content\/uploads\/2025\/07\/qr-1.jpg 273w\" sizes=\"(max-width: 260px) 100vw, 260px\" \/>\t\t\t\t\t\t\t\t<\/a>\n\t\t\t\t\t\t\t\t\t\t\t\t\t\t\t<\/div>\n\t\t\t\t<\/div>\n\t\t\t\t\t<\/div>\n\t\t<\/div>\n\t\t\t\t\t<\/div>\n\t\t<\/section>\n\t\t\t\t<section class=\"elementor-section elementor-top-section elementor-element elementor-element-31b488d elementor-section-boxed elementor-section-height-default elementor-section-height-default\" data-id=\"31b488d\" data-element_type=\"section\" data-e-type=\"section\">\n\t\t\t\t\t\t<div class=\"elementor-container elementor-column-gap-default\">\n\t\t\t\t\t<div class=\"elementor-column elementor-col-100 elementor-top-column elementor-element elementor-element-3e19219\" data-id=\"3e19219\" data-element_type=\"column\" data-e-type=\"column\">\n\t\t\t<div class=\"elementor-widget-wrap elementor-element-populated\">\n\t\t\t\t\t\t<div class=\"elementor-element elementor-element-2112042 elementor-widget elementor-widget-spacer\" data-id=\"2112042\" data-element_type=\"widget\" data-e-type=\"widget\" data-widget_type=\"spacer.default\">\n\t\t\t\t<div class=\"elementor-widget-container\">\n\t\t\t\t\t\t\t<div class=\"elementor-spacer\">\n\t\t\t<div class=\"elementor-spacer-inner\"><\/div>\n\t\t<\/div>\n\t\t\t\t\t\t<\/div>\n\t\t\t\t<\/div>\n\t\t\t\t<div class=\"elementor-element elementor-element-d984c75 elementor-widget elementor-widget-text-editor\" data-id=\"d984c75\" data-element_type=\"widget\" data-e-type=\"widget\" data-widget_type=\"text-editor.default\">\n\t\t\t\t<div class=\"elementor-widget-container\">\n\t\t\t\t\t\t\t\t\t<p>S\u00edguenos en nuestras redes sociales de Siqui terapias<\/p>\t\t\t\t\t\t\t\t<\/div>\n\t\t\t\t<\/div>\n\t\t\t\t<div class=\"elementor-element elementor-element-daf7304 elementor-shape-rounded elementor-grid-0 e-grid-align-center elementor-widget elementor-widget-social-icons\" data-id=\"daf7304\" data-element_type=\"widget\" data-e-type=\"widget\" data-widget_type=\"social-icons.default\">\n\t\t\t\t<div class=\"elementor-widget-container\">\n\t\t\t\t\t\t\t<div class=\"elementor-social-icons-wrapper elementor-grid\" role=\"list\">\n\t\t\t\t\t\t\t<span class=\"elementor-grid-item\" role=\"listitem\">\n\t\t\t\t\t<a class=\"elementor-icon elementor-social-icon elementor-social-icon-instagram elementor-repeater-item-9d7f9e9\" href=\"https:\/\/instagram.com\/siqui_terapias?igshid=Zjc2ZTc4Nzk=%20\" target=\"_blank\">\n\t\t\t\t\t\t<span class=\"elementor-screen-only\">Instagram<\/span>\n\t\t\t\t\t\t<i aria-hidden=\"true\" class=\"fab fa-instagram\"><\/i>\t\t\t\t\t<\/a>\n\t\t\t\t<\/span>\n\t\t\t\t\t\t\t<span class=\"elementor-grid-item\" role=\"listitem\">\n\t\t\t\t\t<a class=\"elementor-icon elementor-social-icon elementor-social-icon-spotify elementor-repeater-item-384b4a2\" href=\"https:\/\/open.spotify.com\/show\/10BVufZ8fwrl1RoJgHgkrt\" target=\"_blank\">\n\t\t\t\t\t\t<span class=\"elementor-screen-only\">Spotify<\/span>\n\t\t\t\t\t\t<i aria-hidden=\"true\" class=\"fab fa-spotify\"><\/i>\t\t\t\t\t<\/a>\n\t\t\t\t<\/span>\n\t\t\t\t\t\t\t<span class=\"elementor-grid-item\" role=\"listitem\">\n\t\t\t\t\t<a class=\"elementor-icon elementor-social-icon elementor-social-icon-facebook elementor-repeater-item-c17154a\" href=\"https:\/\/www.facebook.com\/sersiqui?mibextid=LQQJ4d\" target=\"_blank\">\n\t\t\t\t\t\t<span class=\"elementor-screen-only\">Facebook<\/span>\n\t\t\t\t\t\t<i aria-hidden=\"true\" class=\"fab fa-facebook\"><\/i>\t\t\t\t\t<\/a>\n\t\t\t\t<\/span>\n\t\t\t\t\t\t\t<span class=\"elementor-grid-item\" role=\"listitem\">\n\t\t\t\t\t<a class=\"elementor-icon elementor-social-icon elementor-social-icon-youtube elementor-repeater-item-095ed08\" href=\"https:\/\/www.youtube.com\/results?search_query=siqui+terapia\" target=\"_blank\">\n\t\t\t\t\t\t<span class=\"elementor-screen-only\">Youtube<\/span>\n\t\t\t\t\t\t<i aria-hidden=\"true\" class=\"fab fa-youtube\"><\/i>\t\t\t\t\t<\/a>\n\t\t\t\t<\/span>\n\t\t\t\t\t<\/div>\n\t\t\t\t\t\t<\/div>\n\t\t\t\t<\/div>\n\t\t\t\t<div class=\"elementor-element elementor-element-a7256f4 elementor-widget elementor-widget-text-editor\" data-id=\"a7256f4\" data-element_type=\"widget\" data-e-type=\"widget\" data-widget_type=\"text-editor.default\">\n\t\t\t\t<div class=\"elementor-widget-container\">\n\t\t\t\t\t\t\t\t\t<p>O escr\u00edbenos a nuestro WhatsApp para obtener mas informaci\u00f3n\u00a0<\/p>\t\t\t\t\t\t\t\t<\/div>\n\t\t\t\t<\/div>\n\t\t\t\t<div class=\"elementor-element elementor-element-fe1415c elementor-shape-circle elementor-grid-0 e-grid-align-center elementor-widget elementor-widget-social-icons\" data-id=\"fe1415c\" data-element_type=\"widget\" data-e-type=\"widget\" data-widget_type=\"social-icons.default\">\n\t\t\t\t<div class=\"elementor-widget-container\">\n\t\t\t\t\t\t\t<div class=\"elementor-social-icons-wrapper elementor-grid\">\n\t\t\t\t\t\t\t<span class=\"elementor-grid-item\">\n\t\t\t\t\t<a class=\"elementor-icon elementor-social-icon elementor-social-icon-whatsapp elementor-repeater-item-c17154a\" href=\"https:\/\/wa.link\/84950d\" target=\"_blank\">\n\t\t\t\t\t\t<span class=\"elementor-screen-only\">Whatsapp<\/span>\n\t\t\t\t\t\t<i aria-hidden=\"true\" class=\"fab fa-whatsapp\"><\/i>\t\t\t\t\t<\/a>\n\t\t\t\t<\/span>\n\t\t\t\t\t<\/div>\n\t\t\t\t\t\t<\/div>\n\t\t\t\t<\/div>\n\t\t\t\t\t<\/div>\n\t\t<\/div>\n\t\t\t\t\t<\/div>\n\t\t<\/section>\n\t\t\t\t<section class=\"elementor-section elementor-top-section elementor-element elementor-element-0c651ee elementor-section-boxed elementor-section-height-default elementor-section-height-default\" data-id=\"0c651ee\" data-element_type=\"section\" data-e-type=\"section\">\n\t\t\t\t\t\t<div class=\"elementor-container elementor-column-gap-default\">\n\t\t\t\t\t<div class=\"elementor-column elementor-col-100 elementor-top-column elementor-element elementor-element-c4e478a\" data-id=\"c4e478a\" data-element_type=\"column\" data-e-type=\"column\">\n\t\t\t<div class=\"elementor-widget-wrap elementor-element-populated\">\n\t\t\t\t\t\t<div class=\"elementor-element elementor-element-a8304fa elementor-widget elementor-widget-spacer\" data-id=\"a8304fa\" data-element_type=\"widget\" data-e-type=\"widget\" data-widget_type=\"spacer.default\">\n\t\t\t\t<div class=\"elementor-widget-container\">\n\t\t\t\t\t\t\t<div class=\"elementor-spacer\">\n\t\t\t<div class=\"elementor-spacer-inner\"><\/div>\n\t\t<\/div>\n\t\t\t\t\t\t<\/div>\n\t\t\t\t<\/div>\n\t\t\t\t\t<\/div>\n\t\t<\/div>\n\t\t\t\t\t<\/div>\n\t\t<\/section>\n\t\t\t\t<\/div>","protected":false},"excerpt":{"rendered":"<p>PRODUCTIVIDAD CONSCIENTE La productividad de un equipo no falla por falta de capacidad, falla por desorden emocional. \u201cMi rol dentro [&hellip;]<\/p>\n","protected":false},"author":1,"featured_media":0,"parent":0,"menu_order":0,"comment_status":"closed","ping_status":"closed","template":"","meta":{"site-sidebar-layout":"no-sidebar","site-content-layout":null,"ast-site-content-layout":"full-width-container","site-content-style":"unboxed","site-sidebar-style":"unboxed","ast-global-header-display":"","ast-banner-title-visibility":"","ast-main-header-display":"","ast-hfb-above-header-display":null,"ast-hfb-below-header-display":null,"ast-hfb-mobile-header-display":"","site-post-title":"disabled","ast-breadcrumbs-content":null,"ast-featured-img":"disabled","footer-sml-layout":"","ast-disable-related-posts":"","theme-transparent-header-meta":"enabled","adv-header-id-meta":null,"stick-header-meta":null,"header-above-stick-meta":null,"header-main-stick-meta":null,"header-below-stick-meta":null,"astra-migrate-meta-layouts":"set","ast-page-background-enabled":"default","ast-page-background-meta":{"desktop":{"background-color":"var(--ast-global-color-5)","background-image":"","background-repeat":"repeat","background-position":"center center","background-size":"auto","background-attachment":"scroll","background-type":"","background-media":"","overlay-type":"","overlay-color":"","overlay-opacity":"","overlay-gradient":""},"tablet":{"background-color":"","background-image":"","background-repeat":"repeat","background-position":"center center","background-size":"auto","background-attachment":"scroll","background-type":"","background-media":"","overlay-type":"","overlay-color":"","overlay-opacity":"","overlay-gradient":""},"mobile":{"background-color":"","background-image":"","background-repeat":"repeat","background-position":"center center","background-size":"auto","background-attachment":"scroll","background-type":"","background-media":"","overlay-type":"","overlay-color":"","overlay-opacity":"","overlay-gradient":""}},"ast-content-background-meta":{"desktop":{"background-color":"var(--ast-global-color-4)","background-image":"","background-repeat":"repeat","background-position":"center center","background-size":"auto","background-attachment":"scroll","background-type":"","background-media":"","overlay-type":"","overlay-color":"","overlay-opacity":"","overlay-gradient":""},"tablet":{"background-color":"var(--ast-global-color-4)","background-image":"","background-repeat":"repeat","background-position":"center center","background-size":"auto","background-attachment":"scroll","background-type":"","background-media":"","overlay-type":"","overlay-color":"","overlay-opacity":"","overlay-gradient":""},"mobile":{"background-color":"var(--ast-global-color-4)","background-image":"","background-repeat":"repeat","background-position":"center center","background-size":"auto","background-attachment":"scroll","background-type":"","background-media":"","overlay-type":"","overlay-color":"","overlay-opacity":"","overlay-gradient":""}},"_joinchat":[],"footnotes":""},"class_list":["post-1057","page","type-page","status-publish","hentry"],"yoast_head":"<!-- This site is optimized with the Yoast SEO plugin v27.3 - https:\/\/yoast.com\/product\/yoast-seo-wordpress\/ -->\n<title>Productividad Consciente -<\/title>\n<meta name=\"robots\" content=\"index, follow, max-snippet:-1, max-image-preview:large, max-video-preview:-1\" \/>\n<link rel=\"canonical\" href=\"https:\/\/www.casasiqui.com\/en\/siqui-terapias\/\" \/>\n<meta property=\"og:locale\" content=\"en_US\" \/>\n<meta property=\"og:type\" content=\"article\" \/>\n<meta property=\"og:title\" content=\"Productividad Consciente -\" \/>\n<meta property=\"og:description\" content=\"PRODUCTIVIDAD CONSCIENTE La productividad de un equipo no falla por falta de capacidad, falla por desorden emocional. \u201cMi rol dentro [&hellip;]\" \/>\n<meta property=\"og:url\" content=\"https:\/\/www.casasiqui.com\/en\/siqui-terapias\/\" \/>\n<meta property=\"article:publisher\" content=\"https:\/\/www.facebook.com\/profile.php?id=100089624748492\" \/>\n<meta property=\"article:modified_time\" content=\"2026-03-21T01:53:18+00:00\" \/>\n<meta property=\"og:image\" content=\"https:\/\/www.casasiqui.com\/wp-content\/uploads\/2026\/03\/ChatGPT-Image-19-mar-2026-08_33_40-p.m-683x1024.png\" \/>\n\t<meta property=\"og:image:width\" content=\"683\" \/>\n\t<meta property=\"og:image:height\" content=\"1024\" \/>\n\t<meta property=\"og:image:type\" content=\"image\/png\" \/>\n<meta name=\"twitter:card\" content=\"summary_large_image\" \/>\n<meta name=\"twitter:label1\" content=\"Est. reading time\" \/>\n\t<meta name=\"twitter:data1\" content=\"2 minutes\" \/>\n<script type=\"application\/ld+json\" class=\"yoast-schema-graph\">{\"@context\":\"https:\\\/\\\/schema.org\",\"@graph\":[{\"@type\":\"WebPage\",\"@id\":\"https:\\\/\\\/www.casasiqui.com\\\/siqui-terapias\\\/\",\"url\":\"https:\\\/\\\/www.casasiqui.com\\\/siqui-terapias\\\/\",\"name\":\"Productividad Consciente -\",\"isPartOf\":{\"@id\":\"https:\\\/\\\/www.casasiqui.com\\\/#website\"},\"primaryImageOfPage\":{\"@id\":\"https:\\\/\\\/www.casasiqui.com\\\/siqui-terapias\\\/#primaryimage\"},\"image\":{\"@id\":\"https:\\\/\\\/www.casasiqui.com\\\/siqui-terapias\\\/#primaryimage\"},\"thumbnailUrl\":\"https:\\\/\\\/www.casasiqui.com\\\/wp-content\\\/uploads\\\/2026\\\/03\\\/ChatGPT-Image-19-mar-2026-08_33_40-p.m-768x1152.png\",\"datePublished\":\"2022-09-27T21:44:38+00:00\",\"dateModified\":\"2026-03-21T01:53:18+00:00\",\"breadcrumb\":{\"@id\":\"https:\\\/\\\/www.casasiqui.com\\\/siqui-terapias\\\/#breadcrumb\"},\"inLanguage\":\"en-US\",\"potentialAction\":[{\"@type\":\"ReadAction\",\"target\":[\"https:\\\/\\\/www.casasiqui.com\\\/siqui-terapias\\\/\"]}]},{\"@type\":\"ImageObject\",\"inLanguage\":\"en-US\",\"@id\":\"https:\\\/\\\/www.casasiqui.com\\\/siqui-terapias\\\/#primaryimage\",\"url\":\"https:\\\/\\\/www.casasiqui.com\\\/wp-content\\\/uploads\\\/2026\\\/03\\\/ChatGPT-Image-19-mar-2026-08_33_40-p.m-768x1152.png\",\"contentUrl\":\"https:\\\/\\\/www.casasiqui.com\\\/wp-content\\\/uploads\\\/2026\\\/03\\\/ChatGPT-Image-19-mar-2026-08_33_40-p.m-768x1152.png\"},{\"@type\":\"BreadcrumbList\",\"@id\":\"https:\\\/\\\/www.casasiqui.com\\\/siqui-terapias\\\/#breadcrumb\",\"itemListElement\":[{\"@type\":\"ListItem\",\"position\":1,\"name\":\"Portada\",\"item\":\"https:\\\/\\\/www.casasiqui.com\\\/\"},{\"@type\":\"ListItem\",\"position\":2,\"name\":\"Productividad Consciente\"}]},{\"@type\":\"WebSite\",\"@id\":\"https:\\\/\\\/www.casasiqui.com\\\/#website\",\"url\":\"https:\\\/\\\/www.casasiqui.com\\\/\",\"name\":\"\",\"description\":\"Casa Siqui\",\"potentialAction\":[{\"@type\":\"SearchAction\",\"target\":{\"@type\":\"EntryPoint\",\"urlTemplate\":\"https:\\\/\\\/www.casasiqui.com\\\/?s={search_term_string}\"},\"query-input\":{\"@type\":\"PropertyValueSpecification\",\"valueRequired\":true,\"valueName\":\"search_term_string\"}}],\"inLanguage\":\"en-US\"}]}<\/script>\n<!-- \/ Yoast SEO plugin. -->","yoast_head_json":{"title":"Productividad Consciente -","robots":{"index":"index","follow":"follow","max-snippet":"max-snippet:-1","max-image-preview":"max-image-preview:large","max-video-preview":"max-video-preview:-1"},"canonical":"https:\/\/www.casasiqui.com\/en\/siqui-terapias\/","og_locale":"en_US","og_type":"article","og_title":"Productividad Consciente -","og_description":"PRODUCTIVIDAD CONSCIENTE La productividad de un equipo no falla por falta de capacidad, falla por desorden emocional. \u201cMi rol dentro [&hellip;]","og_url":"https:\/\/www.casasiqui.com\/en\/siqui-terapias\/","article_publisher":"https:\/\/www.facebook.com\/profile.php?id=100089624748492","article_modified_time":"2026-03-21T01:53:18+00:00","og_image":[{"width":683,"height":1024,"url":"https:\/\/www.casasiqui.com\/wp-content\/uploads\/2026\/03\/ChatGPT-Image-19-mar-2026-08_33_40-p.m-683x1024.png","type":"image\/png"}],"twitter_card":"summary_large_image","twitter_misc":{"Est. reading time":"2 minutes"},"schema":{"@context":"https:\/\/schema.org","@graph":[{"@type":"WebPage","@id":"https:\/\/www.casasiqui.com\/siqui-terapias\/","url":"https:\/\/www.casasiqui.com\/siqui-terapias\/","name":"Productividad Consciente -","isPartOf":{"@id":"https:\/\/www.casasiqui.com\/#website"},"primaryImageOfPage":{"@id":"https:\/\/www.casasiqui.com\/siqui-terapias\/#primaryimage"},"image":{"@id":"https:\/\/www.casasiqui.com\/siqui-terapias\/#primaryimage"},"thumbnailUrl":"https:\/\/www.casasiqui.com\/wp-content\/uploads\/2026\/03\/ChatGPT-Image-19-mar-2026-08_33_40-p.m-768x1152.png","datePublished":"2022-09-27T21:44:38+00:00","dateModified":"2026-03-21T01:53:18+00:00","breadcrumb":{"@id":"https:\/\/www.casasiqui.com\/siqui-terapias\/#breadcrumb"},"inLanguage":"en-US","potentialAction":[{"@type":"ReadAction","target":["https:\/\/www.casasiqui.com\/siqui-terapias\/"]}]},{"@type":"ImageObject","inLanguage":"en-US","@id":"https:\/\/www.casasiqui.com\/siqui-terapias\/#primaryimage","url":"https:\/\/www.casasiqui.com\/wp-content\/uploads\/2026\/03\/ChatGPT-Image-19-mar-2026-08_33_40-p.m-768x1152.png","contentUrl":"https:\/\/www.casasiqui.com\/wp-content\/uploads\/2026\/03\/ChatGPT-Image-19-mar-2026-08_33_40-p.m-768x1152.png"},{"@type":"BreadcrumbList","@id":"https:\/\/www.casasiqui.com\/siqui-terapias\/#breadcrumb","itemListElement":[{"@type":"ListItem","position":1,"name":"Portada","item":"https:\/\/www.casasiqui.com\/"},{"@type":"ListItem","position":2,"name":"Productividad Consciente"}]},{"@type":"WebSite","@id":"https:\/\/www.casasiqui.com\/#website","url":"https:\/\/www.casasiqui.com\/","name":"","description":"Casa Siqui","potentialAction":[{"@type":"SearchAction","target":{"@type":"EntryPoint","urlTemplate":"https:\/\/www.casasiqui.com\/?s={search_term_string}"},"query-input":{"@type":"PropertyValueSpecification","valueRequired":true,"valueName":"search_term_string"}}],"inLanguage":"en-US"}]}},"_links":{"self":[{"href":"https:\/\/www.casasiqui.com\/en\/wp-json\/wp\/v2\/pages\/1057","targetHints":{"allow":["GET"]}}],"collection":[{"href":"https:\/\/www.casasiqui.com\/en\/wp-json\/wp\/v2\/pages"}],"about":[{"href":"https:\/\/www.casasiqui.com\/en\/wp-json\/wp\/v2\/types\/page"}],"author":[{"embeddable":true,"href":"https:\/\/www.casasiqui.com\/en\/wp-json\/wp\/v2\/users\/1"}],"replies":[{"embeddable":true,"href":"https:\/\/www.casasiqui.com\/en\/wp-json\/wp\/v2\/comments?post=1057"}],"version-history":[{"count":263,"href":"https:\/\/www.casasiqui.com\/en\/wp-json\/wp\/v2\/pages\/1057\/revisions"}],"predecessor-version":[{"id":3932,"href":"https:\/\/www.casasiqui.com\/en\/wp-json\/wp\/v2\/pages\/1057\/revisions\/3932"}],"wp:attachment":[{"href":"https:\/\/www.casasiqui.com\/en\/wp-json\/wp\/v2\/media?parent=1057"}],"curies":[{"name":"wp","href":"https:\/\/api.w.org\/{rel}","templated":true}]}}