{"id":4,"date":"2018-11-27T09:16:54","date_gmt":"2018-11-27T09:16:54","guid":{"rendered":"http:\/\/casasiqui.com\/home\/"},"modified":"2026-04-10T23:46:30","modified_gmt":"2026-04-10T23:46:30","slug":"home","status":"publish","type":"page","link":"https:\/\/www.casasiqui.com\/en\/","title":{"rendered":"Home"},"content":{"rendered":"<div data-elementor-type=\"wp-page\" data-elementor-id=\"4\" class=\"elementor elementor-4\">\n\t\t\t\t\t\t<section class=\"elementor-section elementor-top-section elementor-element elementor-element-d43f355 elementor-section-boxed elementor-section-height-default elementor-section-height-default\" data-id=\"d43f355\" data-element_type=\"section\" data-e-type=\"section\" data-settings=\"{&quot;background_background&quot;:&quot;classic&quot;}\">\n\t\t\t\t\t\t<div class=\"elementor-container elementor-column-gap-default\">\n\t\t\t\t\t<div class=\"elementor-column elementor-col-100 elementor-top-column elementor-element elementor-element-fd6dbe9\" data-id=\"fd6dbe9\" data-element_type=\"column\" data-e-type=\"column\">\n\t\t\t<div class=\"elementor-widget-wrap elementor-element-populated\">\n\t\t\t\t\t\t<div class=\"elementor-element elementor-element-19e3d13 elementor-widget elementor-widget-heading\" data-id=\"19e3d13\" data-element_type=\"widget\" data-e-type=\"widget\" data-widget_type=\"heading.default\">\n\t\t\t\t<div class=\"elementor-widget-container\">\n\t\t\t\t\t<h2 class=\"elementor-heading-title elementor-size-default\">CASA SIQUI <\/h2>\t\t\t\t<\/div>\n\t\t\t\t<\/div>\n\t\t\t\t\t<\/div>\n\t\t<\/div>\n\t\t\t\t\t<\/div>\n\t\t<\/section>\n\t\t\t\t<section class=\"elementor-section elementor-top-section elementor-element elementor-element-a6ce8e6 elementor-section-boxed elementor-section-height-default elementor-section-height-default\" data-id=\"a6ce8e6\" data-element_type=\"section\" data-e-type=\"section\">\n\t\t\t\t\t\t<div class=\"elementor-container elementor-column-gap-default\">\n\t\t\t\t\t<div class=\"elementor-column elementor-col-100 elementor-top-column elementor-element elementor-element-1ab0bea\" data-id=\"1ab0bea\" data-element_type=\"column\" data-e-type=\"column\">\n\t\t\t<div class=\"elementor-widget-wrap elementor-element-populated\">\n\t\t\t\t\t\t<div class=\"elementor-element elementor-element-03d0baa elementor-arrows-position-inside elementor-pagination-position-outside elementor-widget elementor-widget-image-carousel\" data-id=\"03d0baa\" data-element_type=\"widget\" data-e-type=\"widget\" data-settings=\"{&quot;slides_to_show&quot;:&quot;1&quot;,&quot;lazyload&quot;:&quot;yes&quot;,&quot;autoplay_speed&quot;:2500,&quot;navigation&quot;:&quot;both&quot;,&quot;autoplay&quot;:&quot;yes&quot;,&quot;pause_on_hover&quot;:&quot;yes&quot;,&quot;pause_on_interaction&quot;:&quot;yes&quot;,&quot;infinite&quot;:&quot;yes&quot;,&quot;effect&quot;:&quot;slide&quot;,&quot;speed&quot;:500}\" data-widget_type=\"image-carousel.default\">\n\t\t\t\t<div class=\"elementor-widget-container\">\n\t\t\t\t\t\t\t<div class=\"elementor-image-carousel-wrapper swiper\" role=\"region\" aria-roledescription=\"carousel\" aria-label=\"Carrusel de im\u00e1genes\" dir=\"ltr\">\n\t\t\t<div class=\"elementor-image-carousel swiper-wrapper\" aria-live=\"off\">\n\t\t\t\t\t\t\t\t<div class=\"swiper-slide\" role=\"group\" aria-roledescription=\"slide\" aria-label=\"1 de 7\"><a data-elementor-open-lightbox=\"yes\" data-elementor-lightbox-slideshow=\"03d0baa\" data-elementor-lightbox-title=\"casa siqui fachada\" data-e-action-hash=\"#elementor-action%3Aaction%3Dlightbox%26settings%3DeyJpZCI6Mzk1OCwidXJsIjoiaHR0cHM6XC9cL3d3dy5jYXNhc2lxdWkuY29tXC93cC1jb250ZW50XC91cGxvYWRzXC8yMDI2XC8wNFwvY2FzYS1zaXF1aS1mYWNoYWRhLnBuZyIsInNsaWRlc2hvdyI6IjAzZDBiYWEifQ%3D%3D\" href=\"https:\/\/chat.whatsapp.com\/CIqNnPw3RJhJRJiROQ5HlN\" target=\"_blank\"><figure class=\"swiper-slide-inner\"><img class=\"swiper-slide-image swiper-lazy\" data-src=\"https:\/\/www.casasiqui.com\/wp-content\/uploads\/elementor\/thumbs\/casa-siqui-fachada-rle4ocxa72lwp4j59e74pwcuiqu8a60shr6mn21wgk.png\" alt=\"casa siqui fachada\" \/><div class=\"swiper-lazy-preloader\"><\/div><\/figure><\/a><\/div><div class=\"swiper-slide\" role=\"group\" aria-roledescription=\"slide\" aria-label=\"2 de 7\"><a data-elementor-open-lightbox=\"yes\" data-elementor-lightbox-slideshow=\"03d0baa\" data-elementor-lightbox-title=\"Pie de manzana\" data-e-action-hash=\"#elementor-action%3Aaction%3Dlightbox%26settings%3DeyJpZCI6Mzk2MCwidXJsIjoiaHR0cHM6XC9cL3d3dy5jYXNhc2lxdWkuY29tXC93cC1jb250ZW50XC91cGxvYWRzXC8yMDI2XC8wNFwvUGllLWRlLW1hbnphbmEucG5nIiwic2xpZGVzaG93IjoiMDNkMGJhYSJ9\" href=\"https:\/\/chat.whatsapp.com\/CIqNnPw3RJhJRJiROQ5HlN\" target=\"_blank\"><figure class=\"swiper-slide-inner\"><img class=\"swiper-slide-image swiper-lazy\" data-src=\"https:\/\/www.casasiqui.com\/wp-content\/uploads\/elementor\/thumbs\/Pie-de-manzana-rle4or0v1l57j9ynz2aj9asrfiwqhmkrjoywu7gzv8.png\" alt=\"Pie de manzana\" \/><div class=\"swiper-lazy-preloader\"><\/div><\/figure><\/a><\/div><div class=\"swiper-slide\" role=\"group\" aria-roledescription=\"slide\" aria-label=\"3 de 7\"><a data-elementor-open-lightbox=\"yes\" data-elementor-lightbox-slideshow=\"03d0baa\" data-elementor-lightbox-title=\"Ferias Gratis\" data-e-action-hash=\"#elementor-action%3Aaction%3Dlightbox%26settings%3DeyJpZCI6Mzk3MywidXJsIjoiaHR0cHM6XC9cL3d3dy5jYXNhc2lxdWkuY29tXC93cC1jb250ZW50XC91cGxvYWRzXC8yMDI2XC8wNFwvRmVyaWFzLUdyYXRpcy5wbmciLCJzbGlkZXNob3ciOiIwM2QwYmFhIn0%3D\" href=\"https:\/\/chat.whatsapp.com\/CIqNnPw3RJhJRJiROQ5HlN\" target=\"_blank\"><figure class=\"swiper-slide-inner\"><img class=\"swiper-slide-image swiper-lazy\" data-src=\"https:\/\/www.casasiqui.com\/wp-content\/uploads\/elementor\/thumbs\/Ferias-Gratis-rltp032bz46igvz2jqf8qmtmxayw4sdjuj2djx8ej8.png\" alt=\"Ferias Gratis\" \/><div class=\"swiper-lazy-preloader\"><\/div><\/figure><\/a><\/div><div class=\"swiper-slide\" role=\"group\" aria-roledescription=\"slide\" aria-label=\"4 de 7\"><a data-elementor-open-lightbox=\"yes\" data-elementor-lightbox-slideshow=\"03d0baa\" data-elementor-lightbox-title=\"casa siqui productos\" data-e-action-hash=\"#elementor-action%3Aaction%3Dlightbox%26settings%3DeyJpZCI6Mzk1OSwidXJsIjoiaHR0cHM6XC9cL3d3dy5jYXNhc2lxdWkuY29tXC93cC1jb250ZW50XC91cGxvYWRzXC8yMDI2XC8wNFwvY2FzYS1zaXF1aS1wcm9kdWN0b3MucG5nIiwic2xpZGVzaG93IjoiMDNkMGJhYSJ9\" href=\"https:\/\/chat.whatsapp.com\/CIqNnPw3RJhJRJiROQ5HlN\" target=\"_blank\"><figure class=\"swiper-slide-inner\"><img class=\"swiper-slide-image swiper-lazy\" data-src=\"https:\/\/www.casasiqui.com\/wp-content\/uploads\/elementor\/thumbs\/casa-siqui-productos-rle4okfzpqw7a0881hg59ugj9tt5zqun6seih9qr2s.png\" alt=\"casa siqui productos\" \/><div class=\"swiper-lazy-preloader\"><\/div><\/figure><\/a><\/div><div class=\"swiper-slide\" role=\"group\" aria-roledescription=\"slide\" aria-label=\"5 de 7\"><a data-elementor-open-lightbox=\"yes\" data-elementor-lightbox-slideshow=\"03d0baa\" data-elementor-lightbox-title=\"Comunidad casa siqui\" data-e-action-hash=\"#elementor-action%3Aaction%3Dlightbox%26settings%3DeyJpZCI6Mzk2MSwidXJsIjoiaHR0cHM6XC9cL3d3dy5jYXNhc2lxdWkuY29tXC93cC1jb250ZW50XC91cGxvYWRzXC8yMDI2XC8wNFwvQ29tdW5pZGFkLWNhc2Etc2lxdWkucG5nIiwic2xpZGVzaG93IjoiMDNkMGJhYSJ9\" href=\"https:\/\/chat.whatsapp.com\/CIqNnPw3RJhJRJiROQ5HlN\" target=\"_blank\"><figure class=\"swiper-slide-inner\"><img class=\"swiper-slide-image swiper-lazy\" data-src=\"https:\/\/www.casasiqui.com\/wp-content\/uploads\/elementor\/thumbs\/Comunidad-casa-siqui-rle4oxlqdfe7sjp3wn4x8r4zl80aziavwljb7578no.png\" alt=\"Comunidad casa siqui\" \/><div class=\"swiper-lazy-preloader\"><\/div><\/figure><\/a><\/div><div class=\"swiper-slide\" role=\"group\" aria-roledescription=\"slide\" aria-label=\"6 de 7\"><a data-elementor-open-lightbox=\"yes\" data-elementor-lightbox-slideshow=\"03d0baa\" data-elementor-lightbox-title=\"Emprender con exito\" data-e-action-hash=\"#elementor-action%3Aaction%3Dlightbox%26settings%3DeyJpZCI6Mzk2MiwidXJsIjoiaHR0cHM6XC9cL3d3dy5jYXNhc2lxdWkuY29tXC93cC1jb250ZW50XC91cGxvYWRzXC8yMDI2XC8wNFwvRW1wcmVuZGVyLWNvbi1leGl0by5wbmciLCJzbGlkZXNob3ciOiIwM2QwYmFhIn0%3D\" href=\"https:\/\/chat.whatsapp.com\/CIqNnPw3RJhJRJiROQ5HlN\" target=\"_blank\"><figure class=\"swiper-slide-inner\"><img class=\"swiper-slide-image swiper-lazy\" data-src=\"https:\/\/www.casasiqui.com\/wp-content\/uploads\/elementor\/thumbs\/Emprender-con-exito-rle4p62a2xpsp1ctj8skd704xoulws8gxreoimup3o.png\" alt=\"Emprender con exito\" \/><div class=\"swiper-lazy-preloader\"><\/div><\/figure><\/a><\/div><div class=\"swiper-slide\" role=\"group\" aria-roledescription=\"slide\" aria-label=\"7 de 7\"><a data-elementor-open-lightbox=\"yes\" data-elementor-lightbox-slideshow=\"03d0baa\" data-elementor-lightbox-title=\"casa siqui terapias\" data-e-action-hash=\"#elementor-action%3Aaction%3Dlightbox%26settings%3DeyJpZCI6Mzk2MywidXJsIjoiaHR0cHM6XC9cL3d3dy5jYXNhc2lxdWkuY29tXC93cC1jb250ZW50XC91cGxvYWRzXC8yMDI2XC8wNFwvY2FzYS1zaXF1aS10ZXJhcGlhcy5wbmciLCJzbGlkZXNob3ciOiIwM2QwYmFhIn0%3D\" href=\"https:\/\/chat.whatsapp.com\/CIqNnPw3RJhJRJiROQ5HlN\" target=\"_blank\"><figure class=\"swiper-slide-inner\"><img class=\"swiper-slide-image swiper-lazy\" data-src=\"https:\/\/www.casasiqui.com\/wp-content\/uploads\/elementor\/thumbs\/casa-siqui-terapias-rle4peitsg1dlj0j5ug7hmvaa5owu261yxa1u4i5jo.png\" alt=\"casa siqui terapias\" \/><div class=\"swiper-lazy-preloader\"><\/div><\/figure><\/a><\/div>\t\t\t<\/div>\n\t\t\t\t\t\t\t\t\t\t\t\t<div class=\"elementor-swiper-button elementor-swiper-button-prev\" role=\"button\" tabindex=\"0\">\n\t\t\t\t\t\t<i aria-hidden=\"true\" class=\"eicon-chevron-left\"><\/i>\t\t\t\t\t<\/div>\n\t\t\t\t\t<div class=\"elementor-swiper-button elementor-swiper-button-next\" role=\"button\" tabindex=\"0\">\n\t\t\t\t\t\t<i aria-hidden=\"true\" class=\"eicon-chevron-right\"><\/i>\t\t\t\t\t<\/div>\n\t\t\t\t\n\t\t\t\t\t\t\t\t\t<div class=\"swiper-pagination\"><\/div>\n\t\t\t\t\t\t\t\t\t<\/div>\n\t\t\t\t\t\t<\/div>\n\t\t\t\t<\/div>\n\t\t\t\t\t<\/div>\n\t\t<\/div>\n\t\t\t\t\t<\/div>\n\t\t<\/section>\n\t\t\t\t<section class=\"elementor-section elementor-top-section elementor-element elementor-element-6f976e5 elementor-section-boxed elementor-section-height-default elementor-section-height-default\" data-id=\"6f976e5\" data-element_type=\"section\" data-e-type=\"section\" data-settings=\"{&quot;background_background&quot;:&quot;classic&quot;}\">\n\t\t\t\t\t\t\t<div class=\"elementor-background-overlay\"><\/div>\n\t\t\t\t\t\t\t<div class=\"elementor-container elementor-column-gap-default\">\n\t\t\t\t\t<div class=\"elementor-column elementor-col-100 elementor-top-column elementor-element elementor-element-25871e9\" data-id=\"25871e9\" data-element_type=\"column\" data-e-type=\"column\">\n\t\t\t<div class=\"elementor-widget-wrap elementor-element-populated\">\n\t\t\t\t\t\t<div class=\"elementor-element elementor-element-ff8d596 elementor-widget elementor-widget-heading\" data-id=\"ff8d596\" data-element_type=\"widget\" data-e-type=\"widget\" data-widget_type=\"heading.default\">\n\t\t\t\t<div class=\"elementor-widget-container\">\n\t\t\t\t\t<h2 class=\"elementor-heading-title elementor-size-default\">Quienes somos<\/h2>\t\t\t\t<\/div>\n\t\t\t\t<\/div>\n\t\t\t\t<div class=\"elementor-element elementor-element-cfd4c22 elementor-widget-divider--view-line elementor-widget elementor-widget-divider\" data-id=\"cfd4c22\" data-element_type=\"widget\" data-e-type=\"widget\" data-widget_type=\"divider.default\">\n\t\t\t\t<div class=\"elementor-widget-container\">\n\t\t\t\t\t\t\t<div class=\"elementor-divider\">\n\t\t\t<span class=\"elementor-divider-separator\">\n\t\t\t\t\t\t<\/span>\n\t\t<\/div>\n\t\t\t\t\t\t<\/div>\n\t\t\t\t<\/div>\n\t\t\t\t<div class=\"elementor-element elementor-element-69b9a8b elementor-widget elementor-widget-text-editor\" data-id=\"69b9a8b\" data-element_type=\"widget\" data-e-type=\"widget\" data-widget_type=\"text-editor.default\">\n\t\t\t\t<div class=\"elementor-widget-container\">\n\t\t\t\t\t\t\t\t\t<p>Una comunidad empresarial sostenible que integra bienestar, consciencia y productividad. Creemos en un modelo de desarrollo donde el respeto, la responsabilidad y la inteligencia emocional son claves para una cultura organizacional m\u00e1s humana y efectiva.<\/p><p>Desde nuestras iniciativas formativas, eventos y programas como el M\u00e9todo SIQUI, acompa\u00f1amos a personas, organizaciones y territorios en procesos de transformaci\u00f3n profunda, fomentando el liderazgo consciente, la salud mental y el trabajo con prop\u00f3sito.<\/p><p>Nos inspiran las conexiones reales, el impacto colectivo y el equilibrio entre lo personal y lo profesional.<\/p><p>\u00a0<\/p>\t\t\t\t\t\t\t\t<\/div>\n\t\t\t\t<\/div>\n\t\t\t\t<div class=\"elementor-element elementor-element-36d4425 elementor-align-center elementor-mobile-align-center elementor-widget elementor-widget-button\" data-id=\"36d4425\" data-element_type=\"widget\" data-e-type=\"widget\" data-widget_type=\"button.default\">\n\t\t\t\t<div class=\"elementor-widget-container\">\n\t\t\t\t\t\t\t\t\t<div class=\"elementor-button-wrapper\">\n\t\t\t\t\t<a class=\"elementor-button elementor-button-link elementor-size-sm\" href=\"https:\/\/www.casasiqui.com\/en\/contacto-2\/\">\n\t\t\t\t\t\t<span class=\"elementor-button-content-wrapper\">\n\t\t\t\t\t\t<span class=\"elementor-button-icon\">\n\t\t\t\t<i aria-hidden=\"true\" class=\"fas fa-long-arrow-alt-right\"><\/i>\t\t\t<\/span>\n\t\t\t\t\t\t\t\t\t<span class=\"elementor-button-text\">Cont\u00e1ctanos<\/span>\n\t\t\t\t\t<\/span>\n\t\t\t\t\t<\/a>\n\t\t\t\t<\/div>\n\t\t\t\t\t\t\t\t<\/div>\n\t\t\t\t<\/div>\n\t\t\t\t\t<\/div>\n\t\t<\/div>\n\t\t\t\t\t<\/div>\n\t\t<\/section>\n\t\t\t\t<section class=\"elementor-section elementor-top-section elementor-element elementor-element-98d88b0 elementor-section-boxed elementor-section-height-default elementor-section-height-default\" data-id=\"98d88b0\" data-element_type=\"section\" data-e-type=\"section\">\n\t\t\t\t\t\t<div class=\"elementor-container elementor-column-gap-default\">\n\t\t\t\t\t<div class=\"elementor-column elementor-col-100 elementor-top-column elementor-element elementor-element-ae52022\" data-id=\"ae52022\" data-element_type=\"column\" data-e-type=\"column\">\n\t\t\t<div class=\"elementor-widget-wrap elementor-element-populated\">\n\t\t\t\t\t\t<div class=\"elementor-element elementor-element-8655ea8 elementor-widget elementor-widget-google_maps\" data-id=\"8655ea8\" data-element_type=\"widget\" data-e-type=\"widget\" data-widget_type=\"google_maps.default\">\n\t\t\t\t<div class=\"elementor-widget-container\">\n\t\t\t\t\t\t\t<div class=\"elementor-custom-embed\">\n\t\t\t<iframe loading=\"lazy\"\n\t\t\t\t\tsrc=\"https:\/\/maps.google.com\/maps?q=casa%20siqui&#038;t=m&#038;z=15&#038;output=embed&#038;iwloc=near\"\n\t\t\t\t\ttitle=\"casa siqui\"\n\t\t\t\t\taria-label=\"casa siqui\"\n\t\t\t><\/iframe>\n\t\t<\/div>\n\t\t\t\t\t\t<\/div>\n\t\t\t\t<\/div>\n\t\t\t\t\t<\/div>\n\t\t<\/div>\n\t\t\t\t\t<\/div>\n\t\t<\/section>\n\t\t\t\t<\/div>","protected":false},"excerpt":{"rendered":"<p>CASA SIQUI Quienes somos Una comunidad empresarial sostenible que integra bienestar, consciencia y productividad. Creemos en un modelo de desarrollo [&hellip;]<\/p>\n","protected":false},"author":1,"featured_media":3025,"parent":0,"menu_order":0,"comment_status":"closed","ping_status":"closed","template":"","meta":{"site-sidebar-layout":"no-sidebar","site-content-layout":"page-builder","ast-site-content-layout":"default","site-content-style":"default","site-sidebar-style":"default","ast-global-header-display":"","ast-banner-title-visibility":"","ast-main-header-display":"","ast-hfb-above-header-display":"","ast-hfb-below-header-display":"","ast-hfb-mobile-header-display":"","site-post-title":"disabled","ast-breadcrumbs-content":"","ast-featured-img":"disabled","footer-sml-layout":"","ast-disable-related-posts":"","theme-transparent-header-meta":"enabled","adv-header-id-meta":"","stick-header-meta":"","header-above-stick-meta":"","header-main-stick-meta":"","header-below-stick-meta":"","astra-migrate-meta-layouts":"default","ast-page-background-enabled":"default","ast-page-background-meta":{"desktop":{"background-color":"var(--ast-global-color-5)","background-image":"","background-repeat":"repeat","background-position":"center center","background-size":"auto","background-attachment":"scroll","background-type":"","background-media":"","overlay-type":"","overlay-color":"","overlay-opacity":"","overlay-gradient":""},"tablet":{"background-color":"","background-image":"","background-repeat":"repeat","background-position":"center center","background-size":"auto","background-attachment":"scroll","background-type":"","background-media":"","overlay-type":"","overlay-color":"","overlay-opacity":"","overlay-gradient":""},"mobile":{"background-color":"","background-image":"","background-repeat":"repeat","background-position":"center center","background-size":"auto","background-attachment":"scroll","background-type":"","background-media":"","overlay-type":"","overlay-color":"","overlay-opacity":"","overlay-gradient":""}},"ast-content-background-meta":{"desktop":{"background-color":"var(--ast-global-color-4)","background-image":"","background-repeat":"repeat","background-position":"center center","background-size":"auto","background-attachment":"scroll","background-type":"","background-media":"","overlay-type":"","overlay-color":"","overlay-opacity":"","overlay-gradient":""},"tablet":{"background-color":"var(--ast-global-color-4)","background-image":"","background-repeat":"repeat","background-position":"center center","background-size":"auto","background-attachment":"scroll","background-type":"","background-media":"","overlay-type":"","overlay-color":"","overlay-opacity":"","overlay-gradient":""},"mobile":{"background-color":"var(--ast-global-color-4)","background-image":"","background-repeat":"repeat","background-position":"center center","background-size":"auto","background-attachment":"scroll","background-type":"","background-media":"","overlay-type":"","overlay-color":"","overlay-opacity":"","overlay-gradient":""}},"_joinchat":[],"footnotes":""},"class_list":["post-4","page","type-page","status-publish","has-post-thumbnail","hentry"],"yoast_head":"<!-- This site is optimized with the Yoast SEO plugin v27.3 - https:\/\/yoast.com\/product\/yoast-seo-wordpress\/ -->\n<title>Home -<\/title>\n<meta name=\"robots\" content=\"index, follow, max-snippet:-1, max-image-preview:large, max-video-preview:-1\" \/>\n<link rel=\"canonical\" href=\"https:\/\/www.casasiqui.com\/en\/\" \/>\n<meta property=\"og:locale\" content=\"en_US\" \/>\n<meta property=\"og:type\" content=\"article\" \/>\n<meta property=\"og:title\" content=\"Home -\" \/>\n<meta property=\"og:description\" content=\"CASA SIQUI Quienes somos Una comunidad empresarial sostenible que integra bienestar, consciencia y productividad. Creemos en un modelo de desarrollo [&hellip;]\" \/>\n<meta property=\"og:url\" content=\"https:\/\/www.casasiqui.com\/en\/\" \/>\n<meta property=\"article:publisher\" content=\"https:\/\/www.facebook.com\/profile.php?id=100089624748492\" \/>\n<meta property=\"article:modified_time\" content=\"2026-04-10T23:46:30+00:00\" \/>\n<meta property=\"og:image\" content=\"https:\/\/www.casasiqui.com\/wp-content\/uploads\/2025\/02\/Recurso-12.png\" \/>\n\t<meta property=\"og:image:width\" content=\"700\" \/>\n\t<meta property=\"og:image:height\" content=\"700\" \/>\n\t<meta property=\"og:image:type\" content=\"image\/png\" \/>\n<meta name=\"twitter:card\" content=\"summary_large_image\" \/>\n<meta name=\"twitter:label1\" content=\"Est. reading time\" \/>\n\t<meta name=\"twitter:data1\" content=\"3 minutes\" \/>\n<script type=\"application\/ld+json\" class=\"yoast-schema-graph\">{\"@context\":\"https:\\\/\\\/schema.org\",\"@graph\":[{\"@type\":\"WebPage\",\"@id\":\"https:\\\/\\\/www.casasiqui.com\\\/\",\"url\":\"https:\\\/\\\/www.casasiqui.com\\\/\",\"name\":\"Home -\",\"isPartOf\":{\"@id\":\"https:\\\/\\\/www.casasiqui.com\\\/#website\"},\"primaryImageOfPage\":{\"@id\":\"https:\\\/\\\/www.casasiqui.com\\\/#primaryimage\"},\"image\":{\"@id\":\"https:\\\/\\\/www.casasiqui.com\\\/#primaryimage\"},\"thumbnailUrl\":\"https:\\\/\\\/www.casasiqui.com\\\/wp-content\\\/uploads\\\/2025\\\/02\\\/Recurso-12.png\",\"datePublished\":\"2018-11-27T09:16:54+00:00\",\"dateModified\":\"2026-04-10T23:46:30+00:00\",\"breadcrumb\":{\"@id\":\"https:\\\/\\\/www.casasiqui.com\\\/#breadcrumb\"},\"inLanguage\":\"en-US\",\"potentialAction\":[{\"@type\":\"ReadAction\",\"target\":[\"https:\\\/\\\/www.casasiqui.com\\\/\"]}]},{\"@type\":\"ImageObject\",\"inLanguage\":\"en-US\",\"@id\":\"https:\\\/\\\/www.casasiqui.com\\\/#primaryimage\",\"url\":\"https:\\\/\\\/www.casasiqui.com\\\/wp-content\\\/uploads\\\/2025\\\/02\\\/Recurso-12.png\",\"contentUrl\":\"https:\\\/\\\/www.casasiqui.com\\\/wp-content\\\/uploads\\\/2025\\\/02\\\/Recurso-12.png\",\"width\":700,\"height\":700,\"caption\":\"Te estamos esperando\"},{\"@type\":\"BreadcrumbList\",\"@id\":\"https:\\\/\\\/www.casasiqui.com\\\/#breadcrumb\",\"itemListElement\":[{\"@type\":\"ListItem\",\"position\":1,\"name\":\"Portada\",\"item\":\"https:\\\/\\\/www.casasiqui.com\\\/\"},{\"@type\":\"ListItem\",\"position\":2,\"name\":\"Home\"}]},{\"@type\":\"WebSite\",\"@id\":\"https:\\\/\\\/www.casasiqui.com\\\/#website\",\"url\":\"https:\\\/\\\/www.casasiqui.com\\\/\",\"name\":\"\",\"description\":\"Casa Siqui\",\"potentialAction\":[{\"@type\":\"SearchAction\",\"target\":{\"@type\":\"EntryPoint\",\"urlTemplate\":\"https:\\\/\\\/www.casasiqui.com\\\/?s={search_term_string}\"},\"query-input\":{\"@type\":\"PropertyValueSpecification\",\"valueRequired\":true,\"valueName\":\"search_term_string\"}}],\"inLanguage\":\"en-US\"}]}<\/script>\n<!-- \/ Yoast SEO plugin. -->","yoast_head_json":{"title":"Home -","robots":{"index":"index","follow":"follow","max-snippet":"max-snippet:-1","max-image-preview":"max-image-preview:large","max-video-preview":"max-video-preview:-1"},"canonical":"https:\/\/www.casasiqui.com\/en\/","og_locale":"en_US","og_type":"article","og_title":"Home -","og_description":"CASA SIQUI Quienes somos Una comunidad empresarial sostenible que integra bienestar, consciencia y productividad. Creemos en un modelo de desarrollo [&hellip;]","og_url":"https:\/\/www.casasiqui.com\/en\/","article_publisher":"https:\/\/www.facebook.com\/profile.php?id=100089624748492","article_modified_time":"2026-04-10T23:46:30+00:00","og_image":[{"width":700,"height":700,"url":"https:\/\/www.casasiqui.com\/wp-content\/uploads\/2025\/02\/Recurso-12.png","type":"image\/png"}],"twitter_card":"summary_large_image","twitter_misc":{"Est. reading time":"3 minutes"},"schema":{"@context":"https:\/\/schema.org","@graph":[{"@type":"WebPage","@id":"https:\/\/www.casasiqui.com\/","url":"https:\/\/www.casasiqui.com\/","name":"Home -","isPartOf":{"@id":"https:\/\/www.casasiqui.com\/#website"},"primaryImageOfPage":{"@id":"https:\/\/www.casasiqui.com\/#primaryimage"},"image":{"@id":"https:\/\/www.casasiqui.com\/#primaryimage"},"thumbnailUrl":"https:\/\/www.casasiqui.com\/wp-content\/uploads\/2025\/02\/Recurso-12.png","datePublished":"2018-11-27T09:16:54+00:00","dateModified":"2026-04-10T23:46:30+00:00","breadcrumb":{"@id":"https:\/\/www.casasiqui.com\/#breadcrumb"},"inLanguage":"en-US","potentialAction":[{"@type":"ReadAction","target":["https:\/\/www.casasiqui.com\/"]}]},{"@type":"ImageObject","inLanguage":"en-US","@id":"https:\/\/www.casasiqui.com\/#primaryimage","url":"https:\/\/www.casasiqui.com\/wp-content\/uploads\/2025\/02\/Recurso-12.png","contentUrl":"https:\/\/www.casasiqui.com\/wp-content\/uploads\/2025\/02\/Recurso-12.png","width":700,"height":700,"caption":"Te estamos esperando"},{"@type":"BreadcrumbList","@id":"https:\/\/www.casasiqui.com\/#breadcrumb","itemListElement":[{"@type":"ListItem","position":1,"name":"Portada","item":"https:\/\/www.casasiqui.com\/"},{"@type":"ListItem","position":2,"name":"Home"}]},{"@type":"WebSite","@id":"https:\/\/www.casasiqui.com\/#website","url":"https:\/\/www.casasiqui.com\/","name":"","description":"Casa Siqui","potentialAction":[{"@type":"SearchAction","target":{"@type":"EntryPoint","urlTemplate":"https:\/\/www.casasiqui.com\/?s={search_term_string}"},"query-input":{"@type":"PropertyValueSpecification","valueRequired":true,"valueName":"search_term_string"}}],"inLanguage":"en-US"}]}},"_links":{"self":[{"href":"https:\/\/www.casasiqui.com\/en\/wp-json\/wp\/v2\/pages\/4","targetHints":{"allow":["GET"]}}],"collection":[{"href":"https:\/\/www.casasiqui.com\/en\/wp-json\/wp\/v2\/pages"}],"about":[{"href":"https:\/\/www.casasiqui.com\/en\/wp-json\/wp\/v2\/types\/page"}],"author":[{"embeddable":true,"href":"https:\/\/www.casasiqui.com\/en\/wp-json\/wp\/v2\/users\/1"}],"replies":[{"embeddable":true,"href":"https:\/\/www.casasiqui.com\/en\/wp-json\/wp\/v2\/comments?post=4"}],"version-history":[{"count":559,"href":"https:\/\/www.casasiqui.com\/en\/wp-json\/wp\/v2\/pages\/4\/revisions"}],"predecessor-version":[{"id":3977,"href":"https:\/\/www.casasiqui.com\/en\/wp-json\/wp\/v2\/pages\/4\/revisions\/3977"}],"wp:featuredmedia":[{"embeddable":true,"href":"https:\/\/www.casasiqui.com\/en\/wp-json\/wp\/v2\/media\/3025"}],"wp:attachment":[{"href":"https:\/\/www.casasiqui.com\/en\/wp-json\/wp\/v2\/media?parent=4"}],"curies":[{"name":"wp","href":"https:\/\/api.w.org\/{rel}","templated":true}]}}