{"id":6,"date":"2018-11-27T09:17:28","date_gmt":"2018-11-27T09:17:28","guid":{"rendered":"http:\/\/casasiqui.com\/services\/"},"modified":"2026-04-10T23:59:21","modified_gmt":"2026-04-10T23:59:21","slug":"productividad-consciente","status":"publish","type":"page","link":"https:\/\/www.casasiqui.com\/en\/productividad-consciente\/","title":{"rendered":"Psicolog\u00eda Consciente"},"content":{"rendered":"<div data-elementor-type=\"wp-post\" data-elementor-id=\"6\" class=\"elementor elementor-6\">\n\t\t\t\t\t\t<section class=\"elementor-section elementor-top-section elementor-element elementor-element-99cc95b elementor-section-boxed elementor-section-height-default elementor-section-height-default\" data-id=\"99cc95b\" data-element_type=\"section\" data-e-type=\"section\" data-settings=\"{&quot;background_background&quot;:&quot;classic&quot;}\">\n\t\t\t\t\t\t<div class=\"elementor-container elementor-column-gap-default\">\n\t\t\t\t\t<div class=\"elementor-column elementor-col-100 elementor-top-column elementor-element elementor-element-e82fe3c\" data-id=\"e82fe3c\" data-element_type=\"column\" data-e-type=\"column\">\n\t\t\t<div class=\"elementor-widget-wrap elementor-element-populated\">\n\t\t\t\t\t\t<div class=\"elementor-element elementor-element-32af429 elementor-widget elementor-widget-heading\" data-id=\"32af429\" data-element_type=\"widget\" data-e-type=\"widget\" data-widget_type=\"heading.default\">\n\t\t\t\t<div class=\"elementor-widget-container\">\n\t\t\t\t\t<h2 class=\"elementor-heading-title elementor-size-default\">PSICOLOGIA CONSCIENTE<\/h2>\t\t\t\t<\/div>\n\t\t\t\t<\/div>\n\t\t\t\t\t<\/div>\n\t\t<\/div>\n\t\t\t\t\t<\/div>\n\t\t<\/section>\n\t\t\t\t<section class=\"elementor-section elementor-top-section elementor-element elementor-element-cc1fcb4 elementor-section-boxed elementor-section-height-default elementor-section-height-default\" data-id=\"cc1fcb4\" data-element_type=\"section\" data-e-type=\"section\">\n\t\t\t\t\t\t<div class=\"elementor-container elementor-column-gap-default\">\n\t\t\t\t\t<div class=\"elementor-column elementor-col-100 elementor-top-column elementor-element elementor-element-32d89c4\" data-id=\"32d89c4\" data-element_type=\"column\" data-e-type=\"column\">\n\t\t\t<div class=\"elementor-widget-wrap elementor-element-populated\">\n\t\t\t\t\t\t<div class=\"elementor-element elementor-element-26b312f elementor-widget elementor-widget-image\" data-id=\"26b312f\" data-element_type=\"widget\" data-e-type=\"widget\" data-widget_type=\"image.default\">\n\t\t\t\t<div class=\"elementor-widget-container\">\n\t\t\t\t\t\t\t\t\t\t\t\t\t\t\t<img decoding=\"async\" src=\"https:\/\/www.casasiqui.com\/wp-content\/uploads\/elementor\/thumbs\/Conferencias-y-talleres-de-crecimiento-emocional-rknxi2421kzb5s8oy8fsqc2qyn6dqpj5thquso9rw0.png\" title=\"Conferencias y talleres de crecimiento emocional\" alt=\"Conferencias y talleres de crecimiento emocional\" loading=\"lazy\" \/>\t\t\t\t\t\t\t\t\t\t\t\t\t\t\t<\/div>\n\t\t\t\t<\/div>\n\t\t\t\t\t<\/div>\n\t\t<\/div>\n\t\t\t\t\t<\/div>\n\t\t<\/section>\n\t\t\t\t<section class=\"elementor-section elementor-top-section elementor-element elementor-element-5b2f50c elementor-section-boxed elementor-section-height-default elementor-section-height-default\" data-id=\"5b2f50c\" data-element_type=\"section\" data-e-type=\"section\" data-settings=\"{&quot;background_background&quot;:&quot;classic&quot;}\">\n\t\t\t\t\t\t<div class=\"elementor-container elementor-column-gap-extended\">\n\t\t\t\t\t<div class=\"elementor-column elementor-col-100 elementor-top-column elementor-element elementor-element-10c7035\" data-id=\"10c7035\" data-element_type=\"column\" data-e-type=\"column\">\n\t\t\t<div class=\"elementor-widget-wrap elementor-element-populated\">\n\t\t\t\t\t\t<div class=\"elementor-element elementor-element-82722df elementor-widget elementor-widget-text-editor\" data-id=\"82722df\" data-element_type=\"widget\" data-e-type=\"widget\" data-widget_type=\"text-editor.default\">\n\t\t\t\t<div class=\"elementor-widget-container\">\n\t\t\t\t\t\t\t\t\t<p data-start=\"165\" data-end=\"386\">Psicolog\u00eda Consciente no es simplemente un modelo dentro de la psicolog\u00eda.<br data-start=\"239\" data-end=\"242\">Es una invitaci\u00f3n profunda a transformar la manera en que nos relacionamos con el tiempo, con nuestras metas y, sobre todo, con nosotros mismos.<\/p>\n<p data-start=\"388\" data-end=\"601\">Es una corriente creada por Laura Par\u00eds Mej\u00eda \u2014psic\u00f3loga, terapeuta, conferencista, escritora y fundadora de Casa SIQUI\u2014 que marca el inicio de un movimiento que integra consciencia, bienestar y resultados reales.<\/p>\n<p data-start=\"603\" data-end=\"922\">Este enfoque propone una ruptura con los paradigmas tradicionales de productividad, emocionalidad, econom\u00eda y espiritualidad, ofreciendo una nueva perspectiva: una donde la productividad deja de medirse \u00fanicamente por logros visibles y comienza a evaluarse desde la coherencia entre lo que sentimos, pensamos y hacemos.<\/p>\n<p data-start=\"924\" data-end=\"1024\">La Psicolog\u00eda Consciente se expande a trav\u00e9s de cinco obras fundamentales que estructuran su visi\u00f3n:<\/p>\n<ul data-start=\"1026\" data-end=\"1427\">\n<li data-section-id=\"yeiyje\" data-start=\"1026\" data-end=\"1093\"><em data-start=\"1028\" data-end=\"1047\">Estar donde estoy<\/em>: una gu\u00eda de meditaci\u00f3n y autoconocimiento.<\/li>\n<li data-section-id=\"x9kh6d\" data-start=\"1094\" data-end=\"1158\"><em data-start=\"1096\" data-end=\"1122\">Productividad consciente<\/em>: una gu\u00eda de econom\u00eda espiritual.<\/li>\n<li data-section-id=\"net0r0\" data-start=\"1159\" data-end=\"1236\"><em data-start=\"1161\" data-end=\"1185\">La sabidur\u00eda del no s\u00e9<\/em>: una gu\u00eda de automaternaje y crianza respetuosa.<\/li>\n<li data-section-id=\"puuki9\" data-start=\"1237\" data-end=\"1338\"><em data-start=\"1239\" data-end=\"1287\">Nunca se gana ni se pierde, siempre se aprende<\/em>: una gu\u00eda de amor propio y relaciones de pareja.<\/li>\n<li data-section-id=\"1rd6ybv\" data-start=\"1339\" data-end=\"1427\"><em data-start=\"1341\" data-end=\"1358\">El M\u00e9todo SIQUI<\/em>: una gu\u00eda de inteligencia emocional y eje central de esta corriente.<\/li>\n<\/ul>\n<p data-start=\"1429\" data-end=\"1579\">Este enfoque sembr\u00f3 las bases de lo que hoy es Casa SIQUI: una comunidad empresarial y educativa que promueve el crecimiento sostenible desde el alma.<\/p>\n<p data-start=\"1581\" data-end=\"1968\">Cada principio que gu\u00eda sus acciones \u2014el respeto, la responsabilidad, la consciencia y la integraci\u00f3n entre el ser y el hacer\u2014 nace de las ra\u00edces plantadas en esta corriente. Por eso, la Psicolog\u00eda Consciente puede entenderse como el origen, el fundamento y el alma de Casa SIQUI: de aqu\u00ed nacen el m\u00e9todo, la visi\u00f3n y la inspiraci\u00f3n para construir un nuevo modelo de bienestar colectivo.<\/p>\n<p data-start=\"1970\" data-end=\"2090\">La Psicolog\u00eda Consciente no es solo un concepto ni una lectura.<br data-start=\"2036\" data-end=\"2039\">Es una experiencia de autoconocimiento y expansi\u00f3n.<\/p><p data-start=\"2092\" data-end=\"2339\">A crear realidades donde la experiencia de vida es tranquila y confiable y&nbsp;<span style=\"font-style: inherit; font-weight: inherit;\">se convierta en una expresi\u00f3n coherente de quienes realmente somos.&nbsp;<\/span><\/p>\t\t\t\t\t\t\t\t<\/div>\n\t\t\t\t<\/div>\n\t\t\t\t<div class=\"elementor-element elementor-element-432499d elementor-widget-divider--view-line elementor-widget elementor-widget-divider\" data-id=\"432499d\" data-element_type=\"widget\" data-e-type=\"widget\" data-widget_type=\"divider.default\">\n\t\t\t\t<div class=\"elementor-widget-container\">\n\t\t\t\t\t\t\t<div class=\"elementor-divider\">\n\t\t\t<span class=\"elementor-divider-separator\">\n\t\t\t\t\t\t<\/span>\n\t\t<\/div>\n\t\t\t\t\t\t<\/div>\n\t\t\t\t<\/div>\n\t\t\t\t\t<\/div>\n\t\t<\/div>\n\t\t\t\t\t<\/div>\n\t\t<\/section>\n\t\t\t\t<\/div>","protected":false},"excerpt":{"rendered":"<p>PSICOLOGIA CONSCIENTE Psicolog\u00eda Consciente no es simplemente un modelo dentro de la psicolog\u00eda.Es una invitaci\u00f3n profunda a transformar la manera [&hellip;]<\/p>\n","protected":false},"author":1,"featured_media":0,"parent":0,"menu_order":0,"comment_status":"closed","ping_status":"closed","template":"","meta":{"site-sidebar-layout":"no-sidebar","site-content-layout":"","ast-site-content-layout":"full-width-container","site-content-style":"unboxed","site-sidebar-style":"unboxed","ast-global-header-display":"","ast-banner-title-visibility":"","ast-main-header-display":"","ast-hfb-above-header-display":"","ast-hfb-below-header-display":"","ast-hfb-mobile-header-display":"","site-post-title":"disabled","ast-breadcrumbs-content":"","ast-featured-img":"disabled","footer-sml-layout":"","ast-disable-related-posts":"","theme-transparent-header-meta":"enabled","adv-header-id-meta":"","stick-header-meta":"","header-above-stick-meta":"","header-main-stick-meta":"","header-below-stick-meta":"","astra-migrate-meta-layouts":"default","ast-page-background-enabled":"default","ast-page-background-meta":{"desktop":{"background-color":"var(--ast-global-color-5)","background-image":"","background-repeat":"repeat","background-position":"center center","background-size":"auto","background-attachment":"scroll","background-type":"","background-media":"","overlay-type":"","overlay-color":"","overlay-opacity":"","overlay-gradient":""},"tablet":{"background-color":"","background-image":"","background-repeat":"repeat","background-position":"center center","background-size":"auto","background-attachment":"scroll","background-type":"","background-media":"","overlay-type":"","overlay-color":"","overlay-opacity":"","overlay-gradient":""},"mobile":{"background-color":"","background-image":"","background-repeat":"repeat","background-position":"center center","background-size":"auto","background-attachment":"scroll","background-type":"","background-media":"","overlay-type":"","overlay-color":"","overlay-opacity":"","overlay-gradient":""}},"ast-content-background-meta":{"desktop":{"background-color":"var(--ast-global-color-4)","background-image":"","background-repeat":"repeat","background-position":"center center","background-size":"auto","background-attachment":"scroll","background-type":"","background-media":"","overlay-type":"","overlay-color":"","overlay-opacity":"","overlay-gradient":""},"tablet":{"background-color":"var(--ast-global-color-4)","background-image":"","background-repeat":"repeat","background-position":"center center","background-size":"auto","background-attachment":"scroll","background-type":"","background-media":"","overlay-type":"","overlay-color":"","overlay-opacity":"","overlay-gradient":""},"mobile":{"background-color":"var(--ast-global-color-4)","background-image":"","background-repeat":"repeat","background-position":"center center","background-size":"auto","background-attachment":"scroll","background-type":"","background-media":"","overlay-type":"","overlay-color":"","overlay-opacity":"","overlay-gradient":""}},"_joinchat":[],"footnotes":""},"class_list":["post-6","page","type-page","status-publish","hentry"],"yoast_head":"<!-- This site is optimized with the Yoast SEO plugin v27.3 - https:\/\/yoast.com\/product\/yoast-seo-wordpress\/ -->\n<title>Psicolog\u00eda Consciente -<\/title>\n<meta name=\"robots\" content=\"index, follow, max-snippet:-1, max-image-preview:large, max-video-preview:-1\" \/>\n<link rel=\"canonical\" href=\"https:\/\/www.casasiqui.com\/en\/productividad-consciente\/\" \/>\n<meta property=\"og:locale\" content=\"en_US\" \/>\n<meta property=\"og:type\" content=\"article\" \/>\n<meta property=\"og:title\" content=\"Psicolog\u00eda Consciente -\" \/>\n<meta property=\"og:description\" content=\"PSICOLOGIA CONSCIENTE Psicolog\u00eda Consciente no es simplemente un modelo dentro de la psicolog\u00eda.Es una invitaci\u00f3n profunda a transformar la manera [&hellip;]\" \/>\n<meta property=\"og:url\" content=\"https:\/\/www.casasiqui.com\/en\/productividad-consciente\/\" \/>\n<meta property=\"article:publisher\" content=\"https:\/\/www.facebook.com\/profile.php?id=100089624748492\" \/>\n<meta property=\"article:modified_time\" content=\"2026-04-10T23:59:21+00:00\" \/>\n<meta property=\"og:image\" content=\"https:\/\/www.casasiqui.com\/wp-content\/uploads\/elementor\/thumbs\/Conferencias-y-talleres-de-crecimiento-emocional-rknxi2421kzb5s8oy8fsqc2qyn6dqpj5thquso9rw0.png\" \/>\n<meta name=\"twitter:card\" content=\"summary_large_image\" \/>\n<meta name=\"twitter:label1\" content=\"Est. reading time\" \/>\n\t<meta name=\"twitter:data1\" content=\"2 minutes\" \/>\n<script type=\"application\/ld+json\" class=\"yoast-schema-graph\">{\"@context\":\"https:\\\/\\\/schema.org\",\"@graph\":[{\"@type\":\"WebPage\",\"@id\":\"https:\\\/\\\/www.casasiqui.com\\\/productividad-consciente\\\/\",\"url\":\"https:\\\/\\\/www.casasiqui.com\\\/productividad-consciente\\\/\",\"name\":\"Psicolog\u00eda Consciente -\",\"isPartOf\":{\"@id\":\"https:\\\/\\\/www.casasiqui.com\\\/#website\"},\"primaryImageOfPage\":{\"@id\":\"https:\\\/\\\/www.casasiqui.com\\\/productividad-consciente\\\/#primaryimage\"},\"image\":{\"@id\":\"https:\\\/\\\/www.casasiqui.com\\\/productividad-consciente\\\/#primaryimage\"},\"thumbnailUrl\":\"https:\\\/\\\/www.casasiqui.com\\\/wp-content\\\/uploads\\\/elementor\\\/thumbs\\\/Conferencias-y-talleres-de-crecimiento-emocional-rknxi2421kzb5s8oy8fsqc2qyn6dqpj5thquso9rw0.png\",\"datePublished\":\"2018-11-27T09:17:28+00:00\",\"dateModified\":\"2026-04-10T23:59:21+00:00\",\"breadcrumb\":{\"@id\":\"https:\\\/\\\/www.casasiqui.com\\\/productividad-consciente\\\/#breadcrumb\"},\"inLanguage\":\"en-US\",\"potentialAction\":[{\"@type\":\"ReadAction\",\"target\":[\"https:\\\/\\\/www.casasiqui.com\\\/productividad-consciente\\\/\"]}]},{\"@type\":\"ImageObject\",\"inLanguage\":\"en-US\",\"@id\":\"https:\\\/\\\/www.casasiqui.com\\\/productividad-consciente\\\/#primaryimage\",\"url\":\"https:\\\/\\\/www.casasiqui.com\\\/wp-content\\\/uploads\\\/elementor\\\/thumbs\\\/Conferencias-y-talleres-de-crecimiento-emocional-rknxi2421kzb5s8oy8fsqc2qyn6dqpj5thquso9rw0.png\",\"contentUrl\":\"https:\\\/\\\/www.casasiqui.com\\\/wp-content\\\/uploads\\\/elementor\\\/thumbs\\\/Conferencias-y-talleres-de-crecimiento-emocional-rknxi2421kzb5s8oy8fsqc2qyn6dqpj5thquso9rw0.png\"},{\"@type\":\"BreadcrumbList\",\"@id\":\"https:\\\/\\\/www.casasiqui.com\\\/productividad-consciente\\\/#breadcrumb\",\"itemListElement\":[{\"@type\":\"ListItem\",\"position\":1,\"name\":\"Portada\",\"item\":\"https:\\\/\\\/www.casasiqui.com\\\/\"},{\"@type\":\"ListItem\",\"position\":2,\"name\":\"Psicolog\u00eda Consciente\"}]},{\"@type\":\"WebSite\",\"@id\":\"https:\\\/\\\/www.casasiqui.com\\\/#website\",\"url\":\"https:\\\/\\\/www.casasiqui.com\\\/\",\"name\":\"\",\"description\":\"Casa Siqui\",\"potentialAction\":[{\"@type\":\"SearchAction\",\"target\":{\"@type\":\"EntryPoint\",\"urlTemplate\":\"https:\\\/\\\/www.casasiqui.com\\\/?s={search_term_string}\"},\"query-input\":{\"@type\":\"PropertyValueSpecification\",\"valueRequired\":true,\"valueName\":\"search_term_string\"}}],\"inLanguage\":\"en-US\"}]}<\/script>\n<!-- \/ Yoast SEO plugin. -->","yoast_head_json":{"title":"Psicolog\u00eda Consciente -","robots":{"index":"index","follow":"follow","max-snippet":"max-snippet:-1","max-image-preview":"max-image-preview:large","max-video-preview":"max-video-preview:-1"},"canonical":"https:\/\/www.casasiqui.com\/en\/productividad-consciente\/","og_locale":"en_US","og_type":"article","og_title":"Psicolog\u00eda Consciente -","og_description":"PSICOLOGIA CONSCIENTE Psicolog\u00eda Consciente no es simplemente un modelo dentro de la psicolog\u00eda.Es una invitaci\u00f3n profunda a transformar la manera [&hellip;]","og_url":"https:\/\/www.casasiqui.com\/en\/productividad-consciente\/","article_publisher":"https:\/\/www.facebook.com\/profile.php?id=100089624748492","article_modified_time":"2026-04-10T23:59:21+00:00","og_image":[{"url":"https:\/\/www.casasiqui.com\/wp-content\/uploads\/elementor\/thumbs\/Conferencias-y-talleres-de-crecimiento-emocional-rknxi2421kzb5s8oy8fsqc2qyn6dqpj5thquso9rw0.png","type":"","width":"","height":""}],"twitter_card":"summary_large_image","twitter_misc":{"Est. reading time":"2 minutes"},"schema":{"@context":"https:\/\/schema.org","@graph":[{"@type":"WebPage","@id":"https:\/\/www.casasiqui.com\/productividad-consciente\/","url":"https:\/\/www.casasiqui.com\/productividad-consciente\/","name":"Psicolog\u00eda Consciente -","isPartOf":{"@id":"https:\/\/www.casasiqui.com\/#website"},"primaryImageOfPage":{"@id":"https:\/\/www.casasiqui.com\/productividad-consciente\/#primaryimage"},"image":{"@id":"https:\/\/www.casasiqui.com\/productividad-consciente\/#primaryimage"},"thumbnailUrl":"https:\/\/www.casasiqui.com\/wp-content\/uploads\/elementor\/thumbs\/Conferencias-y-talleres-de-crecimiento-emocional-rknxi2421kzb5s8oy8fsqc2qyn6dqpj5thquso9rw0.png","datePublished":"2018-11-27T09:17:28+00:00","dateModified":"2026-04-10T23:59:21+00:00","breadcrumb":{"@id":"https:\/\/www.casasiqui.com\/productividad-consciente\/#breadcrumb"},"inLanguage":"en-US","potentialAction":[{"@type":"ReadAction","target":["https:\/\/www.casasiqui.com\/productividad-consciente\/"]}]},{"@type":"ImageObject","inLanguage":"en-US","@id":"https:\/\/www.casasiqui.com\/productividad-consciente\/#primaryimage","url":"https:\/\/www.casasiqui.com\/wp-content\/uploads\/elementor\/thumbs\/Conferencias-y-talleres-de-crecimiento-emocional-rknxi2421kzb5s8oy8fsqc2qyn6dqpj5thquso9rw0.png","contentUrl":"https:\/\/www.casasiqui.com\/wp-content\/uploads\/elementor\/thumbs\/Conferencias-y-talleres-de-crecimiento-emocional-rknxi2421kzb5s8oy8fsqc2qyn6dqpj5thquso9rw0.png"},{"@type":"BreadcrumbList","@id":"https:\/\/www.casasiqui.com\/productividad-consciente\/#breadcrumb","itemListElement":[{"@type":"ListItem","position":1,"name":"Portada","item":"https:\/\/www.casasiqui.com\/"},{"@type":"ListItem","position":2,"name":"Psicolog\u00eda Consciente"}]},{"@type":"WebSite","@id":"https:\/\/www.casasiqui.com\/#website","url":"https:\/\/www.casasiqui.com\/","name":"","description":"Casa Siqui","potentialAction":[{"@type":"SearchAction","target":{"@type":"EntryPoint","urlTemplate":"https:\/\/www.casasiqui.com\/?s={search_term_string}"},"query-input":{"@type":"PropertyValueSpecification","valueRequired":true,"valueName":"search_term_string"}}],"inLanguage":"en-US"}]}},"_links":{"self":[{"href":"https:\/\/www.casasiqui.com\/en\/wp-json\/wp\/v2\/pages\/6","targetHints":{"allow":["GET"]}}],"collection":[{"href":"https:\/\/www.casasiqui.com\/en\/wp-json\/wp\/v2\/pages"}],"about":[{"href":"https:\/\/www.casasiqui.com\/en\/wp-json\/wp\/v2\/types\/page"}],"author":[{"embeddable":true,"href":"https:\/\/www.casasiqui.com\/en\/wp-json\/wp\/v2\/users\/1"}],"replies":[{"embeddable":true,"href":"https:\/\/www.casasiqui.com\/en\/wp-json\/wp\/v2\/comments?post=6"}],"version-history":[{"count":382,"href":"https:\/\/www.casasiqui.com\/en\/wp-json\/wp\/v2\/pages\/6\/revisions"}],"predecessor-version":[{"id":3981,"href":"https:\/\/www.casasiqui.com\/en\/wp-json\/wp\/v2\/pages\/6\/revisions\/3981"}],"wp:attachment":[{"href":"https:\/\/www.casasiqui.com\/en\/wp-json\/wp\/v2\/media?parent=6"}],"curies":[{"name":"wp","href":"https:\/\/api.w.org\/{rel}","templated":true}]}}